{"id":110,"date":"2020-10-27T22:13:00","date_gmt":"2020-10-27T21:13:00","guid":{"rendered":"http:\/\/www.cyclesetwatts.fr\/?page_id=110"},"modified":"2021-04-30T16:11:14","modified_gmt":"2021-04-30T14:11:14","slug":"cw-so-watt","status":"publish","type":"page","link":"https:\/\/www.cyclesetwatts.fr\/index.php\/cw-so-watt\/","title":{"rendered":"C&#038;W, so watt?"},"content":{"rendered":"\r\n<p>Nous c&#8217;est Ma\u00eft\u00e9 et Phil. On est assez branch\u00e9 v\u00e9lo. Aussi bien en utilisation qu&#8217;en cr\u00e9ation.<\/p>\r\n\r\n\r\n\r\n<p>A force de motoriser les v\u00e9los des copains, on s&#8217;est dit que le concept pouvait int\u00e9resser d&#8217;autres personnes et qu&#8217;on pouvait surement le proposer plus largement.<\/p>\r\n\r\n\r\n\r\n<p>Notre objectif n&#8217;est pas le travail \u00e0 la chaine mais bien la r\u00e9ponse au besoin de chacun, l&#8217;\u00e9coute, la recherche de la solution esth\u00e9tique, pratique et technique.<\/p>\r\n<p>Le v\u00e9lo, c&#8217;est aussi une communaut\u00e9, une petite famille. On se respecte, on se salut en se croisant&#8230; C&#8217;est aussi un peu ce que nous recherchons au travers de Cycles et Watts. C&#8217;est pour \u00e7a en particulier que le dialogue est important dans la relation que nous nouons avec nos clients. D&#8217;ailleurs, nos premiers clients sont nos copains, alors, on les bichonne, comme on le fera avec vous !<\/p>\r\n<p>&nbsp;<\/p>\r\n<p><img loading=\"lazy\" class=\" wp-image-299 aligncenter\" src=\"http:\/\/www.cyclesetwatts.fr\/wp-content\/uploads\/2020\/11\/VHCI4117-300x225.jpg\" alt=\"\" width=\"368\" height=\"276\" srcset=\"https:\/\/www.cyclesetwatts.fr\/wp-content\/uploads\/2020\/11\/VHCI4117-300x225.jpg 300w, https:\/\/www.cyclesetwatts.fr\/wp-content\/uploads\/2020\/11\/VHCI4117-1024x768.jpg 1024w, https:\/\/www.cyclesetwatts.fr\/wp-content\/uploads\/2020\/11\/VHCI4117-768x576.jpg 768w, https:\/\/www.cyclesetwatts.fr\/wp-content\/uploads\/2020\/11\/VHCI4117-1536x1152.jpg 1536w, https:\/\/www.cyclesetwatts.fr\/wp-content\/uploads\/2020\/11\/VHCI4117.jpg 1600w\" sizes=\"(max-width: 368px) 100vw, 368px\" \/><\/p>\r\n","protected":false},"excerpt":{"rendered":"<p>Nous c&#8217;est Ma\u00eft\u00e9 et Phil. On est assez branch\u00e9 v\u00e9lo. Aussi bien en utilisation qu&#8217;en cr\u00e9ation. A force de motoriser les v\u00e9los des copains, on s&#8217;est dit que le concept pouvait int\u00e9resser d&#8217;autres personnes et qu&#8217;on pouvait surement le proposer plus largement. Notre objectif n&#8217;est pas le travail \u00e0 la chaine mais bien la r\u00e9ponse [&hellip;]<\/p>\n","protected":false},"author":1,"featured_media":0,"parent":0,"menu_order":0,"comment_status":"closed","ping_status":"closed","template":"","meta":{"_monsterinsights_skip_tracking":false,"_monsterinsights_sitenote_active":false,"_monsterinsights_sitenote_note":"","_monsterinsights_sitenote_category":0},"_links":{"self":[{"href":"https:\/\/www.cyclesetwatts.fr\/index.php\/wp-json\/wp\/v2\/pages\/110"}],"collection":[{"href":"https:\/\/www.cyclesetwatts.fr\/index.php\/wp-json\/wp\/v2\/pages"}],"about":[{"href":"https:\/\/www.cyclesetwatts.fr\/index.php\/wp-json\/wp\/v2\/types\/page"}],"author":[{"embeddable":true,"href":"https:\/\/www.cyclesetwatts.fr\/index.php\/wp-json\/wp\/v2\/users\/1"}],"replies":[{"embeddable":true,"href":"https:\/\/www.cyclesetwatts.fr\/index.php\/wp-json\/wp\/v2\/comments?post=110"}],"version-history":[{"count":9,"href":"https:\/\/www.cyclesetwatts.fr\/index.php\/wp-json\/wp\/v2\/pages\/110\/revisions"}],"predecessor-version":[{"id":488,"href":"https:\/\/www.cyclesetwatts.fr\/index.php\/wp-json\/wp\/v2\/pages\/110\/revisions\/488"}],"wp:attachment":[{"href":"https:\/\/www.cyclesetwatts.fr\/index.php\/wp-json\/wp\/v2\/media?parent=110"}],"curies":[{"name":"wp","href":"https:\/\/api.w.org\/{rel}","templated":true}]}}