{"id":136,"date":"2020-10-26T18:46:00","date_gmt":"2020-10-26T17:46:00","guid":{"rendered":"http:\/\/www.cyclesetwatts.fr\/?page_id=136"},"modified":"2021-04-30T15:59:25","modified_gmt":"2021-04-30T13:59:25","slug":"motorisation","status":"publish","type":"page","link":"https:\/\/www.cyclesetwatts.fr\/index.php\/motorisation\/","title":{"rendered":"Motorisation"},"content":{"rendered":"<h2><span id=\"Mais_qui_est_Bafang\" class=\"ez-toc-section\">Mais qui est Bafang ?<\/span><\/h2>\n<p>Ce fabricant chinois est en passe de devenir une des meilleurs marque dans le domaine des moteurs \u00e9lectrique pour v\u00e9lo. Depuis 2003 La marque investi massivement en Europe pour la cr\u00e9ation d\u2019usines et de centres sp\u00e9cialis\u00e9s. La marque propose des moteurs brushless de haute qualit\u00e9 que l\u2019on retrouve sur une grande majorit\u00e9 de v\u00e9lo du march\u00e9 que ce soit le fat bike \u00e9lectrique ou simplement le v\u00e9lo de ville. Bafang souhaite depuis 2014 proposer des moteurs haut de gamme tout en se pla\u00e7ant sur un segment de march\u00e9 moins cher.<\/p>\n<h2><\/h2>\n<h2>Pourquoi choisir Bafang<\/h2>\n<p>N\u00b01 mondial de la fabrication de moteurs de v\u00e9los, la r\u00e9putation de la marque Bafang n&#8217;est plus \u00e0 prouver. Des produits fiables, silencieux et terriblement efficaces.<\/p>\n<p>Le moteur p\u00e9dalier BBS01, offre un couple de 80N.m ce qui le place devant tous les autres moteurs p\u00e9daliers 250W du march\u00e9.<\/p>\n<p>En plus d&#8217;\u00eatre plus efficace, il est aussi plus silencieux que les moteurs concurrents gr\u00e2ce \u00e0 son contr\u00f4leur \u00e0 champs orient\u00e9s.<\/p>\n<p>Autre avantage et non des moindres, ce moteur a \u00e9t\u00e9 d\u00e9velopp\u00e9 afin de conserver une transmission traditionnelle de v\u00e9lo, vous pouvez rouler comme sur un v\u00e9lo standard.<\/p>\n<p>L&#8217;\u00e9cran de contr\u00f4le au guidon vous permet de s\u00e9lectionner le mode d&#8217;assistance\u00a0\u00a0en fonction de l&#8217;effort que vous souhaitez fournir et vous affiche les donn\u00e9es suivantes : Puissance instantan\u00e9e, tension batterie, distance totale, distance journali\u00e8re, heure, vitesse d&#8217;avance, autonomie batterie.<\/p>\n<h2><\/h2>\n<h2>Moteurs BAFANG p\u00e9dalier<\/h2>\n<ul>\n<li>Moteur Bafang BBS01 250W\u00a0 conforme VAE norme UE<\/li>\n<li>Moteur Bafang BBS02 750W<\/li>\n<li>Moteur Bafang BBSHD 1000W\n<p><div id=\"attachment_29\" style=\"width: 310px\" class=\"wp-caption aligncenter\"><img aria-describedby=\"caption-attachment-29\" loading=\"lazy\" class=\"wp-image-29 size-medium\" title=\"Moteur BAFANG 250W\" src=\"http:\/\/www.cyclesetwatts.fr\/wp-content\/uploads\/2020\/10\/IMG_20201016_164254937_HDR-300x225.jpg\" alt=\"Moteur BAFANG 250W\" width=\"300\" height=\"225\" srcset=\"https:\/\/www.cyclesetwatts.fr\/wp-content\/uploads\/2020\/10\/IMG_20201016_164254937_HDR-300x225.jpg 300w, https:\/\/www.cyclesetwatts.fr\/wp-content\/uploads\/2020\/10\/IMG_20201016_164254937_HDR-768x576.jpg 768w, https:\/\/www.cyclesetwatts.fr\/wp-content\/uploads\/2020\/10\/IMG_20201016_164254937_HDR.jpg 964w\" sizes=\"(max-width: 300px) 100vw, 300px\" \/><p id=\"caption-attachment-29\" class=\"wp-caption-text\">Moteur BAFANG 250W<\/p><\/div><\/li>\n<\/ul>\n","protected":false},"excerpt":{"rendered":"<p>Mais qui est Bafang ? Ce fabricant chinois est en passe de devenir une des meilleurs marque dans le domaine des moteurs \u00e9lectrique pour v\u00e9lo. Depuis 2003 La marque investi massivement en Europe pour la cr\u00e9ation d\u2019usines et de centres sp\u00e9cialis\u00e9s. La marque propose des moteurs brushless de haute qualit\u00e9 que l\u2019on retrouve sur une [&hellip;]<\/p>\n","protected":false},"author":1,"featured_media":0,"parent":0,"menu_order":0,"comment_status":"closed","ping_status":"closed","template":"","meta":{"_monsterinsights_skip_tracking":false,"_monsterinsights_sitenote_active":false,"_monsterinsights_sitenote_note":"","_monsterinsights_sitenote_category":0},"_links":{"self":[{"href":"https:\/\/www.cyclesetwatts.fr\/index.php\/wp-json\/wp\/v2\/pages\/136"}],"collection":[{"href":"https:\/\/www.cyclesetwatts.fr\/index.php\/wp-json\/wp\/v2\/pages"}],"about":[{"href":"https:\/\/www.cyclesetwatts.fr\/index.php\/wp-json\/wp\/v2\/types\/page"}],"author":[{"embeddable":true,"href":"https:\/\/www.cyclesetwatts.fr\/index.php\/wp-json\/wp\/v2\/users\/1"}],"replies":[{"embeddable":true,"href":"https:\/\/www.cyclesetwatts.fr\/index.php\/wp-json\/wp\/v2\/comments?post=136"}],"version-history":[{"count":15,"href":"https:\/\/www.cyclesetwatts.fr\/index.php\/wp-json\/wp\/v2\/pages\/136\/revisions"}],"predecessor-version":[{"id":483,"href":"https:\/\/www.cyclesetwatts.fr\/index.php\/wp-json\/wp\/v2\/pages\/136\/revisions\/483"}],"wp:attachment":[{"href":"https:\/\/www.cyclesetwatts.fr\/index.php\/wp-json\/wp\/v2\/media?parent=136"}],"curies":[{"name":"wp","href":"https:\/\/api.w.org\/{rel}","templated":true}]}}