{"id":169,"date":"2020-10-27T11:07:38","date_gmt":"2020-10-27T10:07:38","guid":{"rendered":"http:\/\/www.cyclesetwatts.fr\/?page_id=169"},"modified":"2021-04-30T15:57:21","modified_gmt":"2021-04-30T13:57:21","slug":"velos-neufs-ou-doccasion","status":"publish","type":"page","link":"https:\/\/www.cyclesetwatts.fr\/index.php\/velos-neufs-ou-doccasion\/","title":{"rendered":"V\u00e9los neufs ou d&#8217;occasion"},"content":{"rendered":"<p>Votre v\u00e9lo sera con\u00e7u en deux temps.<\/p>\n<p>D&#8217;abord, nous choisirons le v\u00e9lo qui servira de base, un v\u00e9lo classique non motoris\u00e9. Cela peut \u00eatre votre propre v\u00e9lo, un v\u00e9lo d&#8217;occasion ou un v\u00e9lo neuf.<\/p>\n<p style=\"padding-left: 40px;\">Nous avons d\u00e9cid\u00e9 a C&amp;W de jouer la long\u00e9vit\u00e9. Les v\u00e9los que nous \u00e9quipons de moteur ont au minimum les caract\u00e9ristiques suivantes : cadre robuste, freins \u00e0 disque\/tambours ou retro p\u00e9dalage.<\/p>\n<p style=\"padding-left: 40px;\">A C&amp;W, nous vous proposons aussi des v\u00e9los d&#8217;occasion qui r\u00e9pondront surement \u00e0 votre besoin (ex mod\u00e8le Bergamont Amsterdam Horizon 4 \/ Batavus).<\/p>\n<p style=\"padding-left: 40px;\">Enfin, si votre choix se porte sur un v\u00e9lo neuf, il existe de multiples marques et mod\u00e8les qui vous permettront de trouver votre bonheur. Concernant l&#8217;achat d&#8217;un v\u00e9lo neuf, vous devez savoir que C&amp;W ne fait aucune marge sur le mat\u00e9riel. Vous pourrez en plus b\u00e9n\u00e9ficiez des aides accord\u00e9es par la r\u00e9gion ou votre employeur.<\/p>\n<p>Ensuite, nous motoriserons le v\u00e9lo choisi. Le moteur et sa batterie seront s\u00e9lectionn\u00e9s en fonction de l&#8217;utilisation que vous comptez faire de votre v\u00e9lo. Nous vous accompagnerons, bien s\u00fbr, dans cette d\u00e9marche.<\/p>\n","protected":false},"excerpt":{"rendered":"<p>Votre v\u00e9lo sera con\u00e7u en deux temps. D&#8217;abord, nous choisirons le v\u00e9lo qui servira de base, un v\u00e9lo classique non motoris\u00e9. Cela peut \u00eatre votre propre v\u00e9lo, un v\u00e9lo d&#8217;occasion ou un v\u00e9lo neuf. Nous avons d\u00e9cid\u00e9 a C&amp;W de jouer la long\u00e9vit\u00e9. Les v\u00e9los que nous \u00e9quipons de moteur ont au minimum les caract\u00e9ristiques [&hellip;]<\/p>\n","protected":false},"author":1,"featured_media":0,"parent":0,"menu_order":0,"comment_status":"closed","ping_status":"closed","template":"","meta":{"_monsterinsights_skip_tracking":false,"_monsterinsights_sitenote_active":false,"_monsterinsights_sitenote_note":"","_monsterinsights_sitenote_category":0},"_links":{"self":[{"href":"https:\/\/www.cyclesetwatts.fr\/index.php\/wp-json\/wp\/v2\/pages\/169"}],"collection":[{"href":"https:\/\/www.cyclesetwatts.fr\/index.php\/wp-json\/wp\/v2\/pages"}],"about":[{"href":"https:\/\/www.cyclesetwatts.fr\/index.php\/wp-json\/wp\/v2\/types\/page"}],"author":[{"embeddable":true,"href":"https:\/\/www.cyclesetwatts.fr\/index.php\/wp-json\/wp\/v2\/users\/1"}],"replies":[{"embeddable":true,"href":"https:\/\/www.cyclesetwatts.fr\/index.php\/wp-json\/wp\/v2\/comments?post=169"}],"version-history":[{"count":9,"href":"https:\/\/www.cyclesetwatts.fr\/index.php\/wp-json\/wp\/v2\/pages\/169\/revisions"}],"predecessor-version":[{"id":482,"href":"https:\/\/www.cyclesetwatts.fr\/index.php\/wp-json\/wp\/v2\/pages\/169\/revisions\/482"}],"wp:attachment":[{"href":"https:\/\/www.cyclesetwatts.fr\/index.php\/wp-json\/wp\/v2\/media?parent=169"}],"curies":[{"name":"wp","href":"https:\/\/api.w.org\/{rel}","templated":true}]}}