{"id":178,"date":"2020-10-27T21:22:02","date_gmt":"2020-10-27T20:22:02","guid":{"rendered":"http:\/\/www.cyclesetwatts.fr\/?page_id=178"},"modified":"2020-12-14T20:52:56","modified_gmt":"2020-12-14T19:52:56","slug":"produits","status":"publish","type":"page","link":"https:\/\/www.cyclesetwatts.fr\/index.php\/produits\/","title":{"rendered":"Produits"},"content":{"rendered":"<p><a href=\"http:\/\/www.cyclesetwatts.fr\/index.php\/velo_vente\/\">V\u00e9los \u00e0 vendre<\/a><\/p>\n<p><a href=\"http:\/\/www.cyclesetwatts.fr\/index.php\/realisations\/\">Nos R\u00e9alisations<\/a><\/p>\n<p><a href=\"http:\/\/www.cyclesetwatts.fr\/index.php\/velos-neufs-ou-doccasion\/\">V\u00e9los neuf ou d&#8217;occasion<\/a><\/p>\n<p><a href=\"http:\/\/www.cyclesetwatts.fr\/index.php\/motorisation\/\">Motorisation<\/a><\/p>\n<p><a href=\"http:\/\/www.cyclesetwatts.fr\/index.php\/batterie\/\">Batterie<\/a><\/p>\n<p><a href=\"http:\/\/www.cyclesetwatts.fr\/index.php\/equipements\/\">Equipements<\/a><\/p>\n<p><a href=\"https:\/\/www.cyclesetwatts.fr\/?page_id=186&amp;preview=true\">Entretien<\/a><\/p>\n","protected":false},"excerpt":{"rendered":"<p>V\u00e9los \u00e0 vendre Nos R\u00e9alisations V\u00e9los neuf ou d&#8217;occasion Motorisation Batterie Equipements Entretien<\/p>\n","protected":false},"author":1,"featured_media":0,"parent":0,"menu_order":0,"comment_status":"closed","ping_status":"closed","template":"","meta":{"_monsterinsights_skip_tracking":false,"_monsterinsights_sitenote_active":false,"_monsterinsights_sitenote_note":"","_monsterinsights_sitenote_category":0},"_links":{"self":[{"href":"https:\/\/www.cyclesetwatts.fr\/index.php\/wp-json\/wp\/v2\/pages\/178"}],"collection":[{"href":"https:\/\/www.cyclesetwatts.fr\/index.php\/wp-json\/wp\/v2\/pages"}],"about":[{"href":"https:\/\/www.cyclesetwatts.fr\/index.php\/wp-json\/wp\/v2\/types\/page"}],"author":[{"embeddable":true,"href":"https:\/\/www.cyclesetwatts.fr\/index.php\/wp-json\/wp\/v2\/users\/1"}],"replies":[{"embeddable":true,"href":"https:\/\/www.cyclesetwatts.fr\/index.php\/wp-json\/wp\/v2\/comments?post=178"}],"version-history":[{"count":13,"href":"https:\/\/www.cyclesetwatts.fr\/index.php\/wp-json\/wp\/v2\/pages\/178\/revisions"}],"predecessor-version":[{"id":402,"href":"https:\/\/www.cyclesetwatts.fr\/index.php\/wp-json\/wp\/v2\/pages\/178\/revisions\/402"}],"wp:attachment":[{"href":"https:\/\/www.cyclesetwatts.fr\/index.php\/wp-json\/wp\/v2\/media?parent=178"}],"curies":[{"name":"wp","href":"https:\/\/api.w.org\/{rel}","templated":true}]}}