{"id":186,"date":"2020-11-02T07:40:03","date_gmt":"2020-11-02T06:40:03","guid":{"rendered":"http:\/\/www.cyclesetwatts.fr\/?page_id=186"},"modified":"2021-04-30T16:07:56","modified_gmt":"2021-04-30T14:07:56","slug":"entretien","status":"publish","type":"page","link":"https:\/\/www.cyclesetwatts.fr\/index.php\/entretien\/","title":{"rendered":"Entretien"},"content":{"rendered":"<p>300 km apr\u00e8s la vente de votre v\u00e9lo, nous vous proposons un rendez-vous gratuit (obligatoire pour valider la garantie annuelle). Lors de cette visite, nous ferons une v\u00e9rification globale du v\u00e9lo. Ce sera aussi le moment d&#8217;\u00e9changer sur vos impressions, vos attentes, l&#8217;ajout \u00e9ventuel d&#8217;\u00e9quipements. Tous vos retours sont les bienvenus, puisqu&#8217;ils nous permettent d&#8217;am\u00e9liorer notre exp\u00e9rience et votre satisfaction.<\/p>\n<p>Pass\u00e9 ce d\u00e9lais, nous proposons aussi des contrats d&#8217;entretien r\u00e9guliers. En effet, il est tr\u00e8s important de prendre soin de votre v\u00e9lo (graissage de la cha\u00eene, v\u00e9rification des freins&#8230;).<\/p>\n<p>A titre personnel, je v\u00e9rifie cela sur mon v\u00e9lo environ tous les 400 km.<\/p>\n","protected":false},"excerpt":{"rendered":"<p>300 km apr\u00e8s la vente de votre v\u00e9lo, nous vous proposons un rendez-vous gratuit (obligatoire pour valider la garantie annuelle). Lors de cette visite, nous ferons une v\u00e9rification globale du v\u00e9lo. Ce sera aussi le moment d&#8217;\u00e9changer sur vos impressions, vos attentes, l&#8217;ajout \u00e9ventuel d&#8217;\u00e9quipements. Tous vos retours sont les bienvenus, puisqu&#8217;ils nous permettent d&#8217;am\u00e9liorer [&hellip;]<\/p>\n","protected":false},"author":1,"featured_media":0,"parent":0,"menu_order":0,"comment_status":"closed","ping_status":"closed","template":"","meta":{"_monsterinsights_skip_tracking":false,"_monsterinsights_sitenote_active":false,"_monsterinsights_sitenote_note":"","_monsterinsights_sitenote_category":0},"_links":{"self":[{"href":"https:\/\/www.cyclesetwatts.fr\/index.php\/wp-json\/wp\/v2\/pages\/186"}],"collection":[{"href":"https:\/\/www.cyclesetwatts.fr\/index.php\/wp-json\/wp\/v2\/pages"}],"about":[{"href":"https:\/\/www.cyclesetwatts.fr\/index.php\/wp-json\/wp\/v2\/types\/page"}],"author":[{"embeddable":true,"href":"https:\/\/www.cyclesetwatts.fr\/index.php\/wp-json\/wp\/v2\/users\/1"}],"replies":[{"embeddable":true,"href":"https:\/\/www.cyclesetwatts.fr\/index.php\/wp-json\/wp\/v2\/comments?post=186"}],"version-history":[{"count":8,"href":"https:\/\/www.cyclesetwatts.fr\/index.php\/wp-json\/wp\/v2\/pages\/186\/revisions"}],"predecessor-version":[{"id":486,"href":"https:\/\/www.cyclesetwatts.fr\/index.php\/wp-json\/wp\/v2\/pages\/186\/revisions\/486"}],"wp:attachment":[{"href":"https:\/\/www.cyclesetwatts.fr\/index.php\/wp-json\/wp\/v2\/media?parent=186"}],"curies":[{"name":"wp","href":"https:\/\/api.w.org\/{rel}","templated":true}]}}