{"id":192,"date":"2020-10-27T21:28:28","date_gmt":"2020-10-27T20:28:28","guid":{"rendered":"http:\/\/www.cyclesetwatts.fr\/?page_id=192"},"modified":"2022-12-29T19:31:18","modified_gmt":"2022-12-29T18:31:18","slug":"batterie","status":"publish","type":"page","link":"https:\/\/www.cyclesetwatts.fr\/index.php\/batterie\/","title":{"rendered":"Batterie"},"content":{"rendered":"<p>Nous vous proposons plusieurs mod\u00e8les de batteries. La batterie est l&#8217;\u00e9l\u00e9ment primordial. C&#8217;est elle qui d\u00e9termine la puissance du moteur et aussi l&#8217;autonomie<\/p>\n<div id=\"attachment_31\" style=\"width: 310px\" class=\"wp-caption aligncenter\"><img aria-describedby=\"caption-attachment-31\" loading=\"lazy\" class=\"wp-image-31 size-medium\" title=\"Batterie porte bagage\" src=\"http:\/\/www.cyclesetwatts.fr\/wp-content\/uploads\/2020\/10\/IMG_20201016_164304643-300x225.jpg\" alt=\"Batterie porte bagage\" width=\"300\" height=\"225\" srcset=\"https:\/\/www.cyclesetwatts.fr\/wp-content\/uploads\/2020\/10\/IMG_20201016_164304643-300x225.jpg 300w, https:\/\/www.cyclesetwatts.fr\/wp-content\/uploads\/2020\/10\/IMG_20201016_164304643-768x576.jpg 768w, https:\/\/www.cyclesetwatts.fr\/wp-content\/uploads\/2020\/10\/IMG_20201016_164304643.jpg 964w\" sizes=\"(max-width: 300px) 100vw, 300px\" \/><p id=\"caption-attachment-31\" class=\"wp-caption-text\">Batterie porte bagage<\/p><\/div>\n<p>.<\/p>\n<p>&nbsp;<\/p>\n<p>Plusieurs crit\u00e8res d\u00e9terminent l&#8217;autonomie d&#8217;un v\u00e9lo :<\/p>\n<ul>\n<li>La puissance demand\u00e9e<\/li>\n<li>Le poids total<\/li>\n<li>Le d\u00e9nivel\u00e9<\/li>\n<li>Le vent<\/li>\n<\/ul>\n<p>C&#8217;est pourquoi nous avons d\u00e9cid\u00e9 de proc\u00e9der \u00e0 un essai en condition r\u00e9el de TOUS nos v\u00e9los. Nous vous fournirons donc les r\u00e9sultats de performance associ\u00e9 \u00e0 votre v\u00e9lo. Le but est que vous ayez toutes les cartes en main pour cr\u00e9er le v\u00e9lo parfait pour vous.<\/p>\n<p>Notre objectif est d&#8217;\u00eatre les plus transparents possibles avec vous. C&#8217;est pourquoi nous mettons \u00e0 votre disposition un petit topo technique. Qu&#8217;est ce qu&#8217;on entend par autonomie ? Comment interpr\u00e9ter les diff\u00e9rentes donn\u00e9es fournies (mAh, Volts, les taille et types de cellules&#8230;) ?<\/p>\n<p style=\"padding-left: 40px;\">Les Volts (V)<\/p>\n<p style=\"padding-left: 80px;\">Le voltage des batteries pour les v\u00e9los \u00e9lectrique va de 24V (quasi abandonn\u00e9), 36V, 48V et jusqu&#8217;\u00e0 52V. Cette tension va d\u00e9terminer le dynamisme de votre moteur et jouera sur l&#8217;\u00e9nergie globale disponible.<\/p>\n<p style=\"padding-left: 40px;\">Les Amp\u00e8res (mAh ou Ah)<\/p>\n<p style=\"padding-left: 80px;\">Les amp\u00e8res d\u00e9finissent principalement l&#8217;autonomie du v\u00e9lo. C&#8217;est la r\u00e9serve \u00e9nerg\u00e9tique qui vous permettra d&#8217;aller plus ou moins loin.<\/p>\n<p style=\"padding-left: 40px;\">La r\u00e9serve \u00e9nerg\u00e9tique, la puissance (W)<\/p>\n<p style=\"padding-left: 80px;\">Cette puissance, Volts x Amp\u00e8res, va donner une id\u00e9e de la r\u00e9serve d&#8217;\u00e9nergie de votre batterie<\/p>\n<p style=\"padding-left: 40px;\">Les cellules<\/p>\n<p style=\"padding-left: 80px;\">Une batterie est constitu\u00e9e de multiples cellules. Ces cellules, les 18 650, d\u00e9livrent une tension de 3.6V et entre 2000 et 3500 mAh de puissance. Apr\u00e8s, c&#8217;est tout simple, on les met en s\u00e9rie pour augmenter la tension et en parall\u00e8le pour augmenter l&#8217;intensit\u00e9.<\/p>\n","protected":false},"excerpt":{"rendered":"<p>Nous vous proposons plusieurs mod\u00e8les de batteries. La batterie est l&#8217;\u00e9l\u00e9ment primordial. C&#8217;est elle qui d\u00e9termine la puissance du moteur et aussi l&#8217;autonomie . &nbsp; Plusieurs crit\u00e8res d\u00e9terminent l&#8217;autonomie d&#8217;un v\u00e9lo : La puissance demand\u00e9e Le poids total Le d\u00e9nivel\u00e9 Le vent C&#8217;est pourquoi nous avons d\u00e9cid\u00e9 de proc\u00e9der \u00e0 un essai en condition r\u00e9el [&hellip;]<\/p>\n","protected":false},"author":1,"featured_media":0,"parent":0,"menu_order":0,"comment_status":"closed","ping_status":"closed","template":"","meta":{"_monsterinsights_skip_tracking":false,"_monsterinsights_sitenote_active":false,"_monsterinsights_sitenote_note":"","_monsterinsights_sitenote_category":0},"_links":{"self":[{"href":"https:\/\/www.cyclesetwatts.fr\/index.php\/wp-json\/wp\/v2\/pages\/192"}],"collection":[{"href":"https:\/\/www.cyclesetwatts.fr\/index.php\/wp-json\/wp\/v2\/pages"}],"about":[{"href":"https:\/\/www.cyclesetwatts.fr\/index.php\/wp-json\/wp\/v2\/types\/page"}],"author":[{"embeddable":true,"href":"https:\/\/www.cyclesetwatts.fr\/index.php\/wp-json\/wp\/v2\/users\/1"}],"replies":[{"embeddable":true,"href":"https:\/\/www.cyclesetwatts.fr\/index.php\/wp-json\/wp\/v2\/comments?post=192"}],"version-history":[{"count":12,"href":"https:\/\/www.cyclesetwatts.fr\/index.php\/wp-json\/wp\/v2\/pages\/192\/revisions"}],"predecessor-version":[{"id":579,"href":"https:\/\/www.cyclesetwatts.fr\/index.php\/wp-json\/wp\/v2\/pages\/192\/revisions\/579"}],"wp:attachment":[{"href":"https:\/\/www.cyclesetwatts.fr\/index.php\/wp-json\/wp\/v2\/media?parent=192"}],"curies":[{"name":"wp","href":"https:\/\/api.w.org\/{rel}","templated":true}]}}