{"id":2,"date":"2020-10-25T11:20:24","date_gmt":"2020-10-25T10:20:24","guid":{"rendered":"http:\/\/www.cyclesetwatts.fr\/?page_id=2"},"modified":"2025-10-22T07:19:01","modified_gmt":"2025-10-22T05:19:01","slug":"histoire","status":"publish","type":"page","link":"https:\/\/www.cyclesetwatts.fr\/index.php\/histoire\/","title":{"rendered":"Notre Histoire"},"content":{"rendered":"\r\n<p>Bonjour, je m&#8217;appelle Phil. De formation ing\u00e9nieur m\u00e9canicien, j&#8217;ai compl\u00e9t\u00e9 \u00e0 titre personnel mes connaissances dans les domaines de l&#8217;\u00e9lectricit\u00e9, l&#8217;\u00e9lectronique, mais aussi dans le travail du bois et du m\u00e9tal.<\/p>\r\n<p>Je suis un grand amateur de v\u00e9lo depuis toujours&#8230; J&#8217;ai fait pas mal de VTT et j&#8217;ai toujours aim\u00e9 bricoler et m&#8217;int\u00e9resser \u00e0 la m\u00e9canique des v\u00e9los.<\/p>\r\n<p>Pour commencer, j&#8217;ai achet\u00e9 un v\u00e9lo d&#8217;occasion avec pour objectif de le motoriser. J&#8217;ai cherch\u00e9 des pi\u00e8ces alliant \u00e0 la fois qualit\u00e9 et prix raisonnable. Et finalement, j&#8217;ai r\u00e9ussi \u00e0 faire un v\u00e9lo parfaitement adapt\u00e9 \u00e0 mes besoins.<\/p>\r\n<p>L&#8217;objectif premier \u00e9tait de me faciliter la vie en allant au travail \u00e0 v\u00e9lo afin d&#8217;\u00e9viter les bouchons. Et c&#8217;est exactement ce que j&#8217;ai fait ! J&#8217;ai commenc\u00e9 le 1er Novembre 2018 \u00e0 faire des aller retour au travail, 15 km aller, 15 km retour et ce tous les jours depuis ! Le challenge \u00e9tait, \u00e0 l&#8217;\u00e9poque, de passer l&#8217;hiver. Avec quelques \u00e9quipements adapt\u00e9s, une recherche de l&#8217;itin\u00e9raire le plus sur et quelques matins un peu froids et humides, j&#8217;ai finalement pris le pli et ce pour longtemps. Aujourd&#8217;hui, j&#8217;ai parcouru plus de 37 000 km ! Honn\u00eatement, si l&#8217;on m&#8217;avait dit cela, je n&#8217;y aurais pas cru !<\/p>\r\n<p>Puis, une chose en entra\u00eenant une autre, j&#8217;ai commenc\u00e9 \u00e0 en parler autour de moi, \u00e0 faire des adepte et \u00e0 cr\u00e9er d&#8217;autres v\u00e9los pour les copains. Il n&#8217;y avait plus qu&#8217;un pas pour cr\u00e9er Cycles et Watts. Le dernier coup de pouce, a \u00e9t\u00e9 Mait\u00e9, ma compagne, qui m&#8217;\u00e9paule dans cette entreprise.<\/p>\r\n<p>Grace \u00e0 mes connaissances dans pas mal de domaines techniques je peux proposer aujourd&#8217;hui un service d&#8217;int\u00e9gration de moteur sur une grande gamme de v\u00e9los avec un travail propre et tr\u00e8s soign\u00e9. Mais aussi des possibilit\u00e9s d&#8217;innovation comme la gestion de l&#8217;\u00e9clairage centralis\u00e9, les changements de vitesses \u00e9lectroniques ou le tracker GPS ind\u00e9tectable qui vous permettra de savoir \u00e0 tout moment ou se trouve votre v\u00e9lo ou de la retrouver en cas de vol.<\/p>\r\n<p>Enfin, parce qu&#8217;un v\u00e9lo \u00e9lectrique, c&#8217;est aussi une bonne batterie, j&#8217;ai \u00e9toff\u00e9 mon offre en proposant la r\u00e9paration de batterie de v\u00e9lo \u00e9lectrique de pratiquement toutes les marques.<\/p>\r\n","protected":false},"excerpt":{"rendered":"<p>Bonjour, je m&#8217;appelle Phil. De formation ing\u00e9nieur m\u00e9canicien, j&#8217;ai compl\u00e9t\u00e9 \u00e0 titre personnel mes connaissances dans les domaines de l&#8217;\u00e9lectricit\u00e9, l&#8217;\u00e9lectronique, mais aussi dans le travail du bois et du m\u00e9tal. Je suis un grand amateur de v\u00e9lo depuis toujours&#8230; J&#8217;ai fait pas mal de VTT et j&#8217;ai toujours aim\u00e9 bricoler et m&#8217;int\u00e9resser \u00e0 la [&hellip;]<\/p>\n","protected":false},"author":1,"featured_media":0,"parent":0,"menu_order":0,"comment_status":"closed","ping_status":"open","template":"","meta":{"_monsterinsights_skip_tracking":false,"_monsterinsights_sitenote_active":false,"_monsterinsights_sitenote_note":"","_monsterinsights_sitenote_category":0},"_links":{"self":[{"href":"https:\/\/www.cyclesetwatts.fr\/index.php\/wp-json\/wp\/v2\/pages\/2"}],"collection":[{"href":"https:\/\/www.cyclesetwatts.fr\/index.php\/wp-json\/wp\/v2\/pages"}],"about":[{"href":"https:\/\/www.cyclesetwatts.fr\/index.php\/wp-json\/wp\/v2\/types\/page"}],"author":[{"embeddable":true,"href":"https:\/\/www.cyclesetwatts.fr\/index.php\/wp-json\/wp\/v2\/users\/1"}],"replies":[{"embeddable":true,"href":"https:\/\/www.cyclesetwatts.fr\/index.php\/wp-json\/wp\/v2\/comments?post=2"}],"version-history":[{"count":10,"href":"https:\/\/www.cyclesetwatts.fr\/index.php\/wp-json\/wp\/v2\/pages\/2\/revisions"}],"predecessor-version":[{"id":584,"href":"https:\/\/www.cyclesetwatts.fr\/index.php\/wp-json\/wp\/v2\/pages\/2\/revisions\/584"}],"wp:attachment":[{"href":"https:\/\/www.cyclesetwatts.fr\/index.php\/wp-json\/wp\/v2\/media?parent=2"}],"curies":[{"name":"wp","href":"https:\/\/api.w.org\/{rel}","templated":true}]}}