{"id":343,"date":"2020-12-01T13:02:43","date_gmt":"2020-12-01T12:02:43","guid":{"rendered":"http:\/\/www.cyclesetwatts.fr\/?page_id=343"},"modified":"2021-06-01T19:24:20","modified_gmt":"2021-06-01T17:24:20","slug":"perfos","status":"publish","type":"page","link":"https:\/\/www.cyclesetwatts.fr\/index.php\/perfos\/","title":{"rendered":"Performances"},"content":{"rendered":"<p>Une question r\u00e9currente des futurs utilisateurs de v\u00e9lo \u00e9lectriques, est immanquablement, l&#8217;autonomie.<\/p>\n<p>Alors, pour savoir de combien <strong>d&#8217;autonomie<\/strong> dispose le v\u00e9lo que nous avons aujourd&#8217;hui \u00e0 la vente, le Bergamont Amsterdam Horizon 4 et sa batterie de 16Ah, nous avons proc\u00e9d\u00e9 \u00e0 plusieurs tests.<\/p>\n<p><strong>Date : 03 au 07 mai 2021<\/strong><\/p>\n<p>Parcours<\/p>\n<p style=\"padding-left: 40px;\">Jour 1 : L\u00e9guevin \u2013 Cologne \u2013 Sarrant \u2013 Lectoure (94 km)<\/p>\n<p style=\"padding-left: 40px;\">Jour 2 : Lectoure\u00a0 &#8211; Condom &#8211; Nogaro\u00a0 \u2013 St Christie d\u2019Armagnac (94 km)<\/p>\n<p style=\"padding-left: 40px;\">Jour 3 : St Christie d\u2019Armagnac \u2013Eug\u00e9nie les bains\u00a0 &#8211; Hagetmau &#8211; Saint Cricq Chalosse (88 km)<\/p>\n<p style=\"padding-left: 40px;\">Jour 4 : Saint\u00a0 Cricq chalosse \u2013 Orthez &#8211; Navarrenx \u2013 Oloron Ste marie (79 km)<\/p>\n<p style=\"padding-left: 40px;\">Jour 5 : Oloron Ste marie \u2013 Pau\u00a0 (train Matabiau)\u00a0 &#8211; L\u00e9guevin (59 km)<\/p>\n<p>Synth\u00e8se :<\/p>\n<p style=\"padding-left: 40px;\">Total : 414.4 km<\/p>\n<p style=\"padding-left: 40px;\">D\u00e9nivel\u00e9 positif : 5 458 m<\/p>\n<p><img loading=\"lazy\" class=\"alignnone size-medium wp-image-509\" src=\"http:\/\/www.cyclesetwatts.fr\/wp-content\/uploads\/2021\/06\/IMG_5302-300x225.jpg\" alt=\"\" width=\"300\" height=\"225\" srcset=\"https:\/\/www.cyclesetwatts.fr\/wp-content\/uploads\/2021\/06\/IMG_5302-300x225.jpg 300w, https:\/\/www.cyclesetwatts.fr\/wp-content\/uploads\/2021\/06\/IMG_5302-1024x768.jpg 1024w, https:\/\/www.cyclesetwatts.fr\/wp-content\/uploads\/2021\/06\/IMG_5302-768x576.jpg 768w, https:\/\/www.cyclesetwatts.fr\/wp-content\/uploads\/2021\/06\/IMG_5302.jpg 1280w\" sizes=\"(max-width: 300px) 100vw, 300px\" \/><\/p>\n<p>&nbsp;<\/p>\n<p><strong>Date 18 avril 2021<\/strong><\/p>\n<ul>\n<li>Distance : 73 KM<\/li>\n<li>D\u00e9nivel\u00e9 positif : 976 m<\/li>\n<li>Vent mod\u00e9r\u00e9<\/li>\n<li>Assistance Moteur : 3 \/ 5<\/li>\n<li>Niveau Batterie \u00e0 l\u2019arriv\u00e9e : 20%<\/li>\n<\/ul>\n<p>&nbsp;<\/p>\n<p><strong>Date : 29 Nov 2020<\/strong><\/p>\n<ul>\n<li><span style=\"font-weight: 400;\">Distance: 60.3 KM<\/span><\/li>\n<li><span style=\"font-weight: 400;\">D\u00e9nivel\u00e9 positif\u00a0: 441 m<\/span><\/li>\n<li><span style=\"font-weight: 400;\">Pas de vent<\/span><\/li>\n<li><span style=\"font-weight: 400;\">Assistance Moteur : 3 \/ 5<\/span><\/li>\n<li><span style=\"font-weight: 400;\">Niveau Batterie \u00e0 l\u2019arriv\u00e9e : 48%<\/span><\/li>\n<\/ul>\n<p><img loading=\"lazy\" class=\"wp-image-365 size-medium\" title=\"Parcours Test 1\" src=\"http:\/\/www.cyclesetwatts.fr\/wp-content\/uploads\/2020\/12\/Parcours-Test-1-212x300.png\" alt=\"Parcours Test 1\" width=\"212\" height=\"300\" srcset=\"https:\/\/www.cyclesetwatts.fr\/wp-content\/uploads\/2020\/12\/Parcours-Test-1-212x300.png 212w, https:\/\/www.cyclesetwatts.fr\/wp-content\/uploads\/2020\/12\/Parcours-Test-1.png 494w\" sizes=\"(max-width: 212px) 100vw, 212px\" \/><\/p>\n<p>&nbsp;<\/p>\n","protected":false},"excerpt":{"rendered":"<p>Une question r\u00e9currente des futurs utilisateurs de v\u00e9lo \u00e9lectriques, est immanquablement, l&#8217;autonomie. Alors, pour savoir de combien d&#8217;autonomie dispose le v\u00e9lo que nous avons aujourd&#8217;hui \u00e0 la vente, le Bergamont Amsterdam Horizon 4 et sa batterie de 16Ah, nous avons proc\u00e9d\u00e9 \u00e0 plusieurs tests. Date : 03 au 07 mai 2021 Parcours Jour 1 : [&hellip;]<\/p>\n","protected":false},"author":1,"featured_media":0,"parent":0,"menu_order":0,"comment_status":"closed","ping_status":"closed","template":"","meta":{"_monsterinsights_skip_tracking":false,"_monsterinsights_sitenote_active":false,"_monsterinsights_sitenote_note":"","_monsterinsights_sitenote_category":0},"_links":{"self":[{"href":"https:\/\/www.cyclesetwatts.fr\/index.php\/wp-json\/wp\/v2\/pages\/343"}],"collection":[{"href":"https:\/\/www.cyclesetwatts.fr\/index.php\/wp-json\/wp\/v2\/pages"}],"about":[{"href":"https:\/\/www.cyclesetwatts.fr\/index.php\/wp-json\/wp\/v2\/types\/page"}],"author":[{"embeddable":true,"href":"https:\/\/www.cyclesetwatts.fr\/index.php\/wp-json\/wp\/v2\/users\/1"}],"replies":[{"embeddable":true,"href":"https:\/\/www.cyclesetwatts.fr\/index.php\/wp-json\/wp\/v2\/comments?post=343"}],"version-history":[{"count":11,"href":"https:\/\/www.cyclesetwatts.fr\/index.php\/wp-json\/wp\/v2\/pages\/343\/revisions"}],"predecessor-version":[{"id":512,"href":"https:\/\/www.cyclesetwatts.fr\/index.php\/wp-json\/wp\/v2\/pages\/343\/revisions\/512"}],"wp:attachment":[{"href":"https:\/\/www.cyclesetwatts.fr\/index.php\/wp-json\/wp\/v2\/media?parent=343"}],"curies":[{"name":"wp","href":"https:\/\/api.w.org\/{rel}","templated":true}]}}