{"id":351,"date":"2020-12-01T10:32:52","date_gmt":"2020-12-01T09:32:52","guid":{"rendered":"http:\/\/www.cyclesetwatts.fr\/?page_id=351"},"modified":"2020-12-15T19:11:09","modified_gmt":"2020-12-15T18:11:09","slug":"sav","status":"publish","type":"page","link":"https:\/\/www.cyclesetwatts.fr\/index.php\/sav\/","title":{"rendered":"Support et Services"},"content":{"rendered":"<p>Nous vous proposons un service de SAV sur tous nos produits &#8211; pour nous joindre, veuillez vous r\u00e9f\u00e9rer \u00e0 la page &#8220;<a href=\"http:\/\/www.cyclesetwatts.fr\/index.php\/contacts\/\">Contact<\/a>&#8221;<\/p>\n<p>&nbsp;<\/p>\n<p>Des forfait de r\u00e9vision complet du v\u00e9lo Cycle et Watts pour 60\u20ac (conseill\u00e9 annuellement).<\/p>\n","protected":false},"excerpt":{"rendered":"<p>Nous vous proposons un service de SAV sur tous nos produits &#8211; pour nous joindre, veuillez vous r\u00e9f\u00e9rer \u00e0 la page &#8220;Contact&#8221; &nbsp; Des forfait de r\u00e9vision complet du v\u00e9lo Cycle et Watts pour 60\u20ac (conseill\u00e9 annuellement).<\/p>\n","protected":false},"author":1,"featured_media":0,"parent":0,"menu_order":0,"comment_status":"closed","ping_status":"closed","template":"","meta":{"_monsterinsights_skip_tracking":false,"_monsterinsights_sitenote_active":false,"_monsterinsights_sitenote_note":"","_monsterinsights_sitenote_category":0},"_links":{"self":[{"href":"https:\/\/www.cyclesetwatts.fr\/index.php\/wp-json\/wp\/v2\/pages\/351"}],"collection":[{"href":"https:\/\/www.cyclesetwatts.fr\/index.php\/wp-json\/wp\/v2\/pages"}],"about":[{"href":"https:\/\/www.cyclesetwatts.fr\/index.php\/wp-json\/wp\/v2\/types\/page"}],"author":[{"embeddable":true,"href":"https:\/\/www.cyclesetwatts.fr\/index.php\/wp-json\/wp\/v2\/users\/1"}],"replies":[{"embeddable":true,"href":"https:\/\/www.cyclesetwatts.fr\/index.php\/wp-json\/wp\/v2\/comments?post=351"}],"version-history":[{"count":4,"href":"https:\/\/www.cyclesetwatts.fr\/index.php\/wp-json\/wp\/v2\/pages\/351\/revisions"}],"predecessor-version":[{"id":427,"href":"https:\/\/www.cyclesetwatts.fr\/index.php\/wp-json\/wp\/v2\/pages\/351\/revisions\/427"}],"wp:attachment":[{"href":"https:\/\/www.cyclesetwatts.fr\/index.php\/wp-json\/wp\/v2\/media?parent=351"}],"curies":[{"name":"wp","href":"https:\/\/api.w.org\/{rel}","templated":true}]}}