{"id":375,"date":"2020-12-14T19:05:45","date_gmt":"2020-12-14T18:05:45","guid":{"rendered":"http:\/\/www.cyclesetwatts.fr\/?page_id=375"},"modified":"2025-10-22T07:01:54","modified_gmt":"2025-10-22T05:01:54","slug":"velo_vente","status":"publish","type":"page","link":"https:\/\/www.cyclesetwatts.fr\/index.php\/velo_vente\/","title":{"rendered":"V\u00e9los \u00e0 Vendre"},"content":{"rendered":"<p><span style=\"color: #0000ff;\">Mod\u00e8le LUGANO<\/span><\/p>\n<p>V\u00e9lo tr\u00e8s bien \u00e9quip\u00e9, Moteur BAFANG M400, freins \u00e0 disque hydrauliques SHIMANO, fourche \u00e0 suspension centrale, dynamo de moyeu, d\u00e9railleur NEXUS 8, selle et poign\u00e9es confortables, tr\u00e8s bon car\u00e9nage de chaine et roue arri\u00e8re, antivol ABUS int\u00e9gr\u00e9.<\/p>\n<p>Tr\u00e8s robuste, convient aussi bien pour la ville que pour la randonn\u00e9e.<\/p>\n<div id=\"attachment_574\" style=\"width: 310px\" class=\"wp-caption aligncenter\"><a href=\"http:\/\/www.cyclesetwatts.fr\/wp-content\/uploads\/2022\/12\/IMG_0309-1-scaled.jpg\"><img aria-describedby=\"caption-attachment-574\" loading=\"lazy\" class=\"wp-image-574 size-medium\" src=\"http:\/\/www.cyclesetwatts.fr\/wp-content\/uploads\/2022\/12\/IMG_0309-1-300x225.jpg\" alt=\"BAFANG M400\" width=\"300\" height=\"225\" srcset=\"https:\/\/www.cyclesetwatts.fr\/wp-content\/uploads\/2022\/12\/IMG_0309-1-300x225.jpg 300w, https:\/\/www.cyclesetwatts.fr\/wp-content\/uploads\/2022\/12\/IMG_0309-1-1024x768.jpg 1024w, https:\/\/www.cyclesetwatts.fr\/wp-content\/uploads\/2022\/12\/IMG_0309-1-768x576.jpg 768w, https:\/\/www.cyclesetwatts.fr\/wp-content\/uploads\/2022\/12\/IMG_0309-1-1536x1152.jpg 1536w, https:\/\/www.cyclesetwatts.fr\/wp-content\/uploads\/2022\/12\/IMG_0309-1-2048x1536.jpg 2048w\" sizes=\"(max-width: 300px) 100vw, 300px\" \/><\/a><p id=\"caption-attachment-574\" class=\"wp-caption-text\">BAFANG M400<\/p><\/div>\n<p>&nbsp;<\/p>\n<p>&nbsp;<\/p>\n<p><span style=\"color: #0000ff;\">Mod\u00e8le BERGAMONT<\/span><\/p>\n<p>V\u00e9lo \u00e0 assistance \u00e9lectrique (VAE) BERGAMONT E-LINE C-N8 Model 2014. Cadre mixte avec un large d\u00e9gagement de l\u2019entrejambe, g\u00e9om\u00e9trie r\u00e9glable qui permet \u00e0 chacun de trouver la meilleure posture pour un confort optimis\u00e9.<\/p>\n<p>Moteur Bosch Active Line 250W &#8211;\u00a0Batterie BOSCH 400 W. Syst\u00e8me de vitesse NEXUS 8 (poign\u00e9e tournante)<\/p>\n<p>Freins Magura HS-11 hydrauliques<\/p>\n<p>Dynamo de moyeu \u2013 \u00e9clairage puissant.<\/p>\n<p>Disponible imm\u00e9diatement en taille 52\u00a0: 1m64 \u00e0 1m90.<\/p>\n<p>&nbsp;<\/p>\n","protected":false},"excerpt":{"rendered":"<p>Mod\u00e8le LUGANO V\u00e9lo tr\u00e8s bien \u00e9quip\u00e9, Moteur BAFANG M400, freins \u00e0 disque hydrauliques SHIMANO, fourche \u00e0 suspension centrale, dynamo de moyeu, d\u00e9railleur NEXUS 8, selle et poign\u00e9es confortables, tr\u00e8s bon car\u00e9nage de chaine et roue arri\u00e8re, antivol ABUS int\u00e9gr\u00e9. Tr\u00e8s robuste, convient aussi bien pour la ville que pour la randonn\u00e9e. &nbsp; &nbsp; Mod\u00e8le BERGAMONT [&hellip;]<\/p>\n","protected":false},"author":1,"featured_media":0,"parent":0,"menu_order":0,"comment_status":"closed","ping_status":"closed","template":"","meta":{"_monsterinsights_skip_tracking":false,"_monsterinsights_sitenote_active":false,"_monsterinsights_sitenote_note":"","_monsterinsights_sitenote_category":0},"_links":{"self":[{"href":"https:\/\/www.cyclesetwatts.fr\/index.php\/wp-json\/wp\/v2\/pages\/375"}],"collection":[{"href":"https:\/\/www.cyclesetwatts.fr\/index.php\/wp-json\/wp\/v2\/pages"}],"about":[{"href":"https:\/\/www.cyclesetwatts.fr\/index.php\/wp-json\/wp\/v2\/types\/page"}],"author":[{"embeddable":true,"href":"https:\/\/www.cyclesetwatts.fr\/index.php\/wp-json\/wp\/v2\/users\/1"}],"replies":[{"embeddable":true,"href":"https:\/\/www.cyclesetwatts.fr\/index.php\/wp-json\/wp\/v2\/comments?post=375"}],"version-history":[{"count":30,"href":"https:\/\/www.cyclesetwatts.fr\/index.php\/wp-json\/wp\/v2\/pages\/375\/revisions"}],"predecessor-version":[{"id":582,"href":"https:\/\/www.cyclesetwatts.fr\/index.php\/wp-json\/wp\/v2\/pages\/375\/revisions\/582"}],"wp:attachment":[{"href":"https:\/\/www.cyclesetwatts.fr\/index.php\/wp-json\/wp\/v2\/media?parent=375"}],"curies":[{"name":"wp","href":"https:\/\/api.w.org\/{rel}","templated":true}]}}