{"id":497,"date":"2021-05-02T20:01:37","date_gmt":"2021-05-02T18:01:37","guid":{"rendered":"http:\/\/www.cyclesetwatts.fr\/?page_id=497"},"modified":"2021-05-02T20:22:14","modified_gmt":"2021-05-02T18:22:14","slug":"news","status":"publish","type":"page","link":"https:\/\/www.cyclesetwatts.fr\/index.php\/news\/","title":{"rendered":"News"},"content":{"rendered":"<p style=\"text-align: center;\"><span style=\"color: #3366ff;\"><strong>Quoi de neuf dans le monde Cycles et Watts<\/strong><\/span><\/p>\n<p>&nbsp;<\/p>\n<p>Test d&#8217;endurance<\/p>\n<p>Parcours de quelques 350 km pour \u00e9prouver les v\u00e9los, robustesse, autonomie, confort&#8230;<\/p>\n<p>&nbsp;<\/p>\n<p>D\u00e9part demain matin, le 3 Mai! En phase avec la lev\u00e9e de la limite des 10km!<\/p>\n<p>&nbsp;<\/p>\n<p>Trajet pr\u00e9vu : L\u00e9guevin &#8211; Lectoure &#8211; Nogaro &#8211; Hagetmau &#8211; Oloron Ste Marie &#8211; Pau<\/p>\n<p>Retour en train Pau &#8211; Toulouse<\/p>\n","protected":false},"excerpt":{"rendered":"<p>Quoi de neuf dans le monde Cycles et Watts &nbsp; Test d&#8217;endurance Parcours de quelques 350 km pour \u00e9prouver les v\u00e9los, robustesse, autonomie, confort&#8230; &nbsp; D\u00e9part demain matin, le 3 Mai! En phase avec la lev\u00e9e de la limite des 10km! &nbsp; Trajet pr\u00e9vu : L\u00e9guevin &#8211; Lectoure &#8211; Nogaro &#8211; Hagetmau &#8211; Oloron Ste [&hellip;]<\/p>\n","protected":false},"author":1,"featured_media":0,"parent":0,"menu_order":0,"comment_status":"closed","ping_status":"closed","template":"","meta":{"_monsterinsights_skip_tracking":false,"_monsterinsights_sitenote_active":false,"_monsterinsights_sitenote_note":"","_monsterinsights_sitenote_category":0},"_links":{"self":[{"href":"https:\/\/www.cyclesetwatts.fr\/index.php\/wp-json\/wp\/v2\/pages\/497"}],"collection":[{"href":"https:\/\/www.cyclesetwatts.fr\/index.php\/wp-json\/wp\/v2\/pages"}],"about":[{"href":"https:\/\/www.cyclesetwatts.fr\/index.php\/wp-json\/wp\/v2\/types\/page"}],"author":[{"embeddable":true,"href":"https:\/\/www.cyclesetwatts.fr\/index.php\/wp-json\/wp\/v2\/users\/1"}],"replies":[{"embeddable":true,"href":"https:\/\/www.cyclesetwatts.fr\/index.php\/wp-json\/wp\/v2\/comments?post=497"}],"version-history":[{"count":4,"href":"https:\/\/www.cyclesetwatts.fr\/index.php\/wp-json\/wp\/v2\/pages\/497\/revisions"}],"predecessor-version":[{"id":506,"href":"https:\/\/www.cyclesetwatts.fr\/index.php\/wp-json\/wp\/v2\/pages\/497\/revisions\/506"}],"wp:attachment":[{"href":"https:\/\/www.cyclesetwatts.fr\/index.php\/wp-json\/wp\/v2\/media?parent=497"}],"curies":[{"name":"wp","href":"https:\/\/api.w.org\/{rel}","templated":true}]}}