{"id":73,"date":"2020-10-26T15:35:58","date_gmt":"2020-10-26T14:35:58","guid":{"rendered":"http:\/\/www.cyclesetwatts.fr\/?page_id=73"},"modified":"2025-10-22T07:12:50","modified_gmt":"2025-10-22T05:12:50","slug":"concept","status":"publish","type":"page","link":"https:\/\/www.cyclesetwatts.fr\/index.php\/concept\/","title":{"rendered":"Notre Concept"},"content":{"rendered":"\r\n<p><strong>La soci\u00e9t\u00e9 Cycles &amp; Watts est sp\u00e9cialis\u00e9e dans la motorisation de v\u00e9los.\u00a0<\/strong><\/p>\r\n<p>C&amp;W motorise votre propre v\u00e9lo ou propose une gamme de v\u00e9los neufs et d&#8217;occasion \u00e9quip\u00e9s selon vos d\u00e9sirs.<\/p>\r\n<p>Vous pourrez choisir les sacoches, la selle ou m\u00eame un r\u00e9troviseur pour plus de s\u00e9curit\u00e9. Nous \u00e9tudions l&#8217;adaptation de tous les \u00e9quipements (top case, porte chien, panier, support t\u00e9l\u00e9phone\u2026.)\u00a0<\/p>\r\n<p>Mais c&#8217;est pas tout ! Nous proposons aussi d&#8217;entretenir r\u00e9guli\u00e8rement votre v\u00e9lo (freins, roulements, batterie&#8230; ). Notre but est de vous accompagner sur le long terme.<\/p>\r\n<p>Et bien sur, l&#8217;achat d&#8217;un v\u00e9lo, c&#8217;est en premier lieu de l&#8217;essayer ! Vous pourrez ainsi mieux vous rendre compte du type de produit que nous proposons. C&#8217;est aussi une bonne fa\u00e7on de r\u00e9fl\u00e9chir \u00e0 votre besoin. Sur cette base, vous d\u00e9finirez la taille du v\u00e9lo, la puissance du moteur, la forme du cadre ou autre qui vous convient le mieux.<\/p>\r\n<p>Enfin, gr\u00e2ce \u00e0 une comp\u00e9tence acquise au fil des ans, nous proposons aujourd&#8217;hui la r\u00e9paration de la batterie de votre v\u00e9lo \u00e9lectrique. Elle ne se charge plus, elle vous procure \u00e0 peine 5km d&#8217;autonomie, confiez la nous. Une r\u00e9paration, c&#8217;est le remplacement des \u00e9l\u00e9ments de batterie par du neuf mais ca peut \u00eatre beaucoup plus simple et moins on\u00e9reux.<\/p>\r\n","protected":false},"excerpt":{"rendered":"<p>La soci\u00e9t\u00e9 Cycles &amp; Watts est sp\u00e9cialis\u00e9e dans la motorisation de v\u00e9los.\u00a0 C&amp;W motorise votre propre v\u00e9lo ou propose une gamme de v\u00e9los neufs et d&#8217;occasion \u00e9quip\u00e9s selon vos d\u00e9sirs. Vous pourrez choisir les sacoches, la selle ou m\u00eame un r\u00e9troviseur pour plus de s\u00e9curit\u00e9. Nous \u00e9tudions l&#8217;adaptation de tous les \u00e9quipements (top case, porte [&hellip;]<\/p>\n","protected":false},"author":1,"featured_media":0,"parent":0,"menu_order":0,"comment_status":"closed","ping_status":"closed","template":"","meta":{"_monsterinsights_skip_tracking":false,"_monsterinsights_sitenote_active":false,"_monsterinsights_sitenote_note":"","_monsterinsights_sitenote_category":0},"_links":{"self":[{"href":"https:\/\/www.cyclesetwatts.fr\/index.php\/wp-json\/wp\/v2\/pages\/73"}],"collection":[{"href":"https:\/\/www.cyclesetwatts.fr\/index.php\/wp-json\/wp\/v2\/pages"}],"about":[{"href":"https:\/\/www.cyclesetwatts.fr\/index.php\/wp-json\/wp\/v2\/types\/page"}],"author":[{"embeddable":true,"href":"https:\/\/www.cyclesetwatts.fr\/index.php\/wp-json\/wp\/v2\/users\/1"}],"replies":[{"embeddable":true,"href":"https:\/\/www.cyclesetwatts.fr\/index.php\/wp-json\/wp\/v2\/comments?post=73"}],"version-history":[{"count":15,"href":"https:\/\/www.cyclesetwatts.fr\/index.php\/wp-json\/wp\/v2\/pages\/73\/revisions"}],"predecessor-version":[{"id":583,"href":"https:\/\/www.cyclesetwatts.fr\/index.php\/wp-json\/wp\/v2\/pages\/73\/revisions\/583"}],"wp:attachment":[{"href":"https:\/\/www.cyclesetwatts.fr\/index.php\/wp-json\/wp\/v2\/media?parent=73"}],"curies":[{"name":"wp","href":"https:\/\/api.w.org\/{rel}","templated":true}]}}